{"id":7146,"date":"2024-01-12T09:09:51","date_gmt":"2024-01-12T09:09:51","guid":{"rendered":"https:\/\/scaligeratransfer.it\/tratte\/ncc-verona-iseo\/"},"modified":"2024-01-12T09:09:51","modified_gmt":"2024-01-12T08:09:51","slug":"ncc-verona-iseo","status":"publish","type":"product","link":"https:\/\/scaligeratransfer.it\/de\/tratte\/ncc-verona-iseo\/","title":{"rendered":"NCC Verona &#8211; Iseo"},"content":{"rendered":"","protected":false},"excerpt":{"rendered":"<p>Der NCC Chauffeur-Mietservice, privater Taxitransfer f\u00fcr die Strecke von  <strong>[acf field=\"punto_a\"]<\/strong>  zu  <strong>[acf field=\"punto_b\"]<\/strong>  hat einen Betrag ab <strong><br \/>\n  [acf field=\"prezzo\"]<br \/>\n  <b>\u20ac<\/b><br \/>\n<\/strong>.<\/p>\n<p>Der NCC Transferservice ist 24 Stunden am Tag, 7 Tage die Woche f\u00fcr Unternehmen, Privatkunden und Touristen verf\u00fcgbar.<\/p>\n<p>Entscheiden Sie sich f\u00fcr die Professionalit\u00e4t unserer Fahrer, sichere und komfortable Fahrzeuge.<\/p>\n","protected":false},"featured_media":5115,"comment_status":"open","ping_status":"closed","template":"","meta":{"_acf_changed":false,"inline_featured_image":false},"product_brand":[],"product_cat":[76,104],"product_tag":[],"class_list":{"0":"post-7146","1":"product","2":"type-product","3":"status-publish","4":"has-post-thumbnail","6":"product_cat-unkategorisiert","7":"product_cat-ncc-transferservice-nach-verona","8":"description-off","10":"first","11":"instock","12":"shipping-taxable","13":"product-type-simple"},"acf":[],"yoast_head":"<!-- This site is optimized with the Yoast SEO plugin v26.7 - https:\/\/yoast.com\/wordpress\/plugins\/seo\/ -->\n<title>NCC Transfer Verona Iseo - Vermietung mit Fahrer f\u00fcr Iseo<\/title>\n<meta name=\"description\" content=\"NCC Transfer Verona Iseo - 24-Stunden-Chauffeur-Service f\u00fcr Unternehmen, Touristen und Freizeit - Professionalit\u00e4t und Sicherheit.\" \/>\n<meta name=\"robots\" content=\"index, follow, max-snippet:-1, max-image-preview:large, max-video-preview:-1\" \/>\n<link rel=\"canonical\" href=\"https:\/\/scaligeratransfer.it\/de\/tratte\/ncc-verona-iseo\/\" \/>\n<meta property=\"og:locale\" content=\"de_DE\" \/>\n<meta property=\"og:type\" content=\"article\" \/>\n<meta property=\"og:title\" content=\"NCC Transfer Verona Iseo - Vermietung mit Fahrer f\u00fcr Iseo\" \/>\n<meta property=\"og:description\" content=\"NCC Transfer Verona Iseo - 24-Stunden-Chauffeur-Service f\u00fcr Unternehmen, Touristen und Freizeit - Professionalit\u00e4t und Sicherheit.\" \/>\n<meta property=\"og:url\" content=\"https:\/\/scaligeratransfer.it\/de\/tratte\/ncc-verona-iseo\/\" \/>\n<meta property=\"og:site_name\" content=\"Scaligera Transfer, il miglior servizio di ncc Verona\" \/>\n<meta property=\"og:image\" content=\"https:\/\/scaligeratransfer.it\/wp-content\/uploads\/2024\/01\/Transfer-NCC-Verona-Iseo-1024x1024.png\" \/>\n\t<meta property=\"og:image:width\" content=\"1024\" \/>\n\t<meta property=\"og:image:height\" content=\"1024\" \/>\n\t<meta property=\"og:image:type\" content=\"image\/png\" \/>\n<meta name=\"twitter:card\" content=\"summary_large_image\" \/>\n<script type=\"application\/ld+json\" class=\"yoast-schema-graph\">{\"@context\":\"https:\/\/schema.org\",\"@graph\":[{\"@type\":\"WebPage\",\"@id\":\"https:\/\/scaligeratransfer.it\/de\/tratte\/ncc-verona-iseo\/\",\"url\":\"https:\/\/scaligeratransfer.it\/de\/tratte\/ncc-verona-iseo\/\",\"name\":\"NCC Transfer Verona Iseo - Vermietung mit Fahrer f\u00fcr Iseo\",\"isPartOf\":{\"@id\":\"https:\/\/scaligeratransfer.it\/de\/#website\"},\"primaryImageOfPage\":{\"@id\":\"https:\/\/scaligeratransfer.it\/de\/tratte\/ncc-verona-iseo\/#primaryimage\"},\"image\":{\"@id\":\"https:\/\/scaligeratransfer.it\/de\/tratte\/ncc-verona-iseo\/#primaryimage\"},\"thumbnailUrl\":\"https:\/\/scaligeratransfer.it\/wp-content\/uploads\/2024\/01\/Transfer-NCC-Verona-Iseo.png\",\"datePublished\":\"2024-01-12T09:09:51+00:00\",\"description\":\"NCC Transfer Verona Iseo - 24-Stunden-Chauffeur-Service f\u00fcr Unternehmen, Touristen und Freizeit - Professionalit\u00e4t und Sicherheit.\",\"breadcrumb\":{\"@id\":\"https:\/\/scaligeratransfer.it\/de\/tratte\/ncc-verona-iseo\/#breadcrumb\"},\"inLanguage\":\"de\",\"potentialAction\":[{\"@type\":\"ReadAction\",\"target\":[\"https:\/\/scaligeratransfer.it\/de\/tratte\/ncc-verona-iseo\/\"]}]},{\"@type\":\"ImageObject\",\"inLanguage\":\"de\",\"@id\":\"https:\/\/scaligeratransfer.it\/de\/tratte\/ncc-verona-iseo\/#primaryimage\",\"url\":\"https:\/\/scaligeratransfer.it\/wp-content\/uploads\/2024\/01\/Transfer-NCC-Verona-Iseo.png\",\"contentUrl\":\"https:\/\/scaligeratransfer.it\/wp-content\/uploads\/2024\/01\/Transfer-NCC-Verona-Iseo.png\",\"width\":1200,\"height\":1200,\"caption\":\"NCC Verona - Iseo\"},{\"@type\":\"BreadcrumbList\",\"@id\":\"https:\/\/scaligeratransfer.it\/de\/tratte\/ncc-verona-iseo\/#breadcrumb\",\"itemListElement\":[{\"@type\":\"ListItem\",\"position\":1,\"name\":\"Home\",\"item\":\"https:\/\/scaligeratransfer.it\/de\/homepage\/\"},{\"@type\":\"ListItem\",\"position\":2,\"name\":\"NCC Verona Transferdienst\",\"item\":\"https:\/\/scaligeratransfer.it\/de\/ncc-verona-tarife-miete-mit-fahrer\/\"},{\"@type\":\"ListItem\",\"position\":3,\"name\":\"NCC Verona &#8211; Iseo\"}]},{\"@type\":\"WebSite\",\"@id\":\"https:\/\/scaligeratransfer.it\/de\/#website\",\"url\":\"https:\/\/scaligeratransfer.it\/de\/\",\"name\":\"Scaligera Transfer, il miglior servizio di ncc Verona\",\"description\":\"Scaligera Transfer si occupa di noleggio con conducente con tratte da\/per Verona\",\"potentialAction\":[{\"@type\":\"SearchAction\",\"target\":{\"@type\":\"EntryPoint\",\"urlTemplate\":\"https:\/\/scaligeratransfer.it\/de\/?s={search_term_string}\"},\"query-input\":{\"@type\":\"PropertyValueSpecification\",\"valueRequired\":true,\"valueName\":\"search_term_string\"}}],\"inLanguage\":\"de\"}]}<\/script>\n<!-- \/ Yoast SEO plugin. -->","yoast_head_json":{"title":"NCC Transfer Verona Iseo - Vermietung mit Fahrer f\u00fcr Iseo","description":"NCC Transfer Verona Iseo - 24-Stunden-Chauffeur-Service f\u00fcr Unternehmen, Touristen und Freizeit - Professionalit\u00e4t und Sicherheit.","robots":{"index":"index","follow":"follow","max-snippet":"max-snippet:-1","max-image-preview":"max-image-preview:large","max-video-preview":"max-video-preview:-1"},"canonical":"https:\/\/scaligeratransfer.it\/de\/tratte\/ncc-verona-iseo\/","og_locale":"de_DE","og_type":"article","og_title":"NCC Transfer Verona Iseo - Vermietung mit Fahrer f\u00fcr Iseo","og_description":"NCC Transfer Verona Iseo - 24-Stunden-Chauffeur-Service f\u00fcr Unternehmen, Touristen und Freizeit - Professionalit\u00e4t und Sicherheit.","og_url":"https:\/\/scaligeratransfer.it\/de\/tratte\/ncc-verona-iseo\/","og_site_name":"Scaligera Transfer, il miglior servizio di ncc Verona","og_image":[{"width":1024,"height":1024,"url":"https:\/\/scaligeratransfer.it\/wp-content\/uploads\/2024\/01\/Transfer-NCC-Verona-Iseo-1024x1024.png","type":"image\/png"}],"twitter_card":"summary_large_image","schema":{"@context":"https:\/\/schema.org","@graph":[{"@type":"WebPage","@id":"https:\/\/scaligeratransfer.it\/de\/tratte\/ncc-verona-iseo\/","url":"https:\/\/scaligeratransfer.it\/de\/tratte\/ncc-verona-iseo\/","name":"NCC Transfer Verona Iseo - Vermietung mit Fahrer f\u00fcr Iseo","isPartOf":{"@id":"https:\/\/scaligeratransfer.it\/de\/#website"},"primaryImageOfPage":{"@id":"https:\/\/scaligeratransfer.it\/de\/tratte\/ncc-verona-iseo\/#primaryimage"},"image":{"@id":"https:\/\/scaligeratransfer.it\/de\/tratte\/ncc-verona-iseo\/#primaryimage"},"thumbnailUrl":"https:\/\/scaligeratransfer.it\/wp-content\/uploads\/2024\/01\/Transfer-NCC-Verona-Iseo.png","datePublished":"2024-01-12T09:09:51+00:00","description":"NCC Transfer Verona Iseo - 24-Stunden-Chauffeur-Service f\u00fcr Unternehmen, Touristen und Freizeit - Professionalit\u00e4t und Sicherheit.","breadcrumb":{"@id":"https:\/\/scaligeratransfer.it\/de\/tratte\/ncc-verona-iseo\/#breadcrumb"},"inLanguage":"de","potentialAction":[{"@type":"ReadAction","target":["https:\/\/scaligeratransfer.it\/de\/tratte\/ncc-verona-iseo\/"]}]},{"@type":"ImageObject","inLanguage":"de","@id":"https:\/\/scaligeratransfer.it\/de\/tratte\/ncc-verona-iseo\/#primaryimage","url":"https:\/\/scaligeratransfer.it\/wp-content\/uploads\/2024\/01\/Transfer-NCC-Verona-Iseo.png","contentUrl":"https:\/\/scaligeratransfer.it\/wp-content\/uploads\/2024\/01\/Transfer-NCC-Verona-Iseo.png","width":1200,"height":1200,"caption":"NCC Verona - Iseo"},{"@type":"BreadcrumbList","@id":"https:\/\/scaligeratransfer.it\/de\/tratte\/ncc-verona-iseo\/#breadcrumb","itemListElement":[{"@type":"ListItem","position":1,"name":"Home","item":"https:\/\/scaligeratransfer.it\/de\/homepage\/"},{"@type":"ListItem","position":2,"name":"NCC Verona Transferdienst","item":"https:\/\/scaligeratransfer.it\/de\/ncc-verona-tarife-miete-mit-fahrer\/"},{"@type":"ListItem","position":3,"name":"NCC Verona &#8211; Iseo"}]},{"@type":"WebSite","@id":"https:\/\/scaligeratransfer.it\/de\/#website","url":"https:\/\/scaligeratransfer.it\/de\/","name":"Scaligera Transfer, il miglior servizio di ncc Verona","description":"Scaligera Transfer si occupa di noleggio con conducente con tratte da\/per Verona","potentialAction":[{"@type":"SearchAction","target":{"@type":"EntryPoint","urlTemplate":"https:\/\/scaligeratransfer.it\/de\/?s={search_term_string}"},"query-input":{"@type":"PropertyValueSpecification","valueRequired":true,"valueName":"search_term_string"}}],"inLanguage":"de"}]}},"_links":{"self":[{"href":"https:\/\/scaligeratransfer.it\/de\/wp-json\/wp\/v2\/product\/7146","targetHints":{"allow":["GET"]}}],"collection":[{"href":"https:\/\/scaligeratransfer.it\/de\/wp-json\/wp\/v2\/product"}],"about":[{"href":"https:\/\/scaligeratransfer.it\/de\/wp-json\/wp\/v2\/types\/product"}],"replies":[{"embeddable":true,"href":"https:\/\/scaligeratransfer.it\/de\/wp-json\/wp\/v2\/comments?post=7146"}],"wp:featuredmedia":[{"embeddable":true,"href":"https:\/\/scaligeratransfer.it\/de\/wp-json\/wp\/v2\/media\/5115"}],"wp:attachment":[{"href":"https:\/\/scaligeratransfer.it\/de\/wp-json\/wp\/v2\/media?parent=7146"}],"wp:term":[{"taxonomy":"product_brand","embeddable":true,"href":"https:\/\/scaligeratransfer.it\/de\/wp-json\/wp\/v2\/product_brand?post=7146"},{"taxonomy":"product_cat","embeddable":true,"href":"https:\/\/scaligeratransfer.it\/de\/wp-json\/wp\/v2\/product_cat?post=7146"},{"taxonomy":"product_tag","embeddable":true,"href":"https:\/\/scaligeratransfer.it\/de\/wp-json\/wp\/v2\/product_tag?post=7146"}],"curies":[{"name":"wp","href":"https:\/\/api.w.org\/{rel}","templated":true}]}}