{"id":6894,"date":"2024-01-12T09:10:02","date_gmt":"2024-01-12T09:10:02","guid":{"rendered":"https:\/\/scaligeratransfer.it\/tratte\/transfer-ncc-fiera-agricola-verona\/"},"modified":"2025-11-03T15:16:44","modified_gmt":"2025-11-03T14:16:44","slug":"transfer-ncc-fiera-agricola-verona","status":"publish","type":"product","link":"https:\/\/scaligeratransfer.it\/de\/tratte\/transfer-ncc-fiera-agricola-verona\/","title":{"rendered":"Transfer NCC Fiera Agricola Verona"},"content":{"rendered":"","protected":false},"excerpt":{"rendered":"<p>Scaligera transfer bietet Mietwagen und Minivans mit Fahrer f\u00fcr die Messe &#8218;Fiera agricola Verona&#8216; f\u00fcr das Publikum, die Aussteller und die Kunden der Aussteller.<\/p>\n<p>Service von Flugh\u00e4fen und Bahnh\u00f6fen zu Hotels in Verona und seiner Provinz. Vom Hotel zur Messe und zur\u00fcck, wobei auch Autos und Minivans f\u00fcr den ganzen Tag zur Verf\u00fcgung stehen. Wir stehen auch f\u00fcr externe Abende oder von Ausstellern organisierte Veranstaltungen zur Verf\u00fcgung.<\/p>\n","protected":false},"featured_media":5428,"comment_status":"open","ping_status":"closed","template":"","meta":{"_acf_changed":false,"inline_featured_image":false},"product_brand":[],"product_cat":[76,105],"product_tag":[],"class_list":{"0":"post-6894","1":"product","2":"type-product","3":"status-publish","4":"has-post-thumbnail","6":"product_cat-unkategorisiert","7":"product_cat-ncc-transferservice-fur-abendessen-und-unterhaltung","8":"description-off","10":"first","11":"instock","12":"shipping-taxable","13":"product-type-simple"},"acf":[],"yoast_head":"<!-- This site is optimized with the Yoast SEO plugin v26.7 - https:\/\/yoast.com\/wordpress\/plugins\/seo\/ -->\n<title>Fiera Agricola Verona \u22c6 Scaligera Transfer, der beste NCC Verona Service<\/title>\n<meta name=\"description\" content=\"NCC Transfer Verona, Fiera Agricola - Verona 24 Stunden Chauffeurservice f\u00fcr Unternehmen, Touristen und Freizeit.\" \/>\n<meta name=\"robots\" content=\"index, follow, max-snippet:-1, max-image-preview:large, max-video-preview:-1\" \/>\n<link rel=\"canonical\" href=\"https:\/\/scaligeratransfer.it\/de\/tratte\/transfer-ncc-fiera-agricola-verona\/\" \/>\n<meta property=\"og:locale\" content=\"de_DE\" \/>\n<meta property=\"og:type\" content=\"article\" \/>\n<meta property=\"og:title\" content=\"Fiera Agricola Verona \u22c6 Scaligera Transfer, der beste NCC Verona Service\" \/>\n<meta property=\"og:description\" content=\"NCC Transfer Verona, Fiera Agricola - Verona 24 Stunden Chauffeurservice f\u00fcr Unternehmen, Touristen und Freizeit.\" \/>\n<meta property=\"og:url\" content=\"https:\/\/scaligeratransfer.it\/de\/tratte\/transfer-ncc-fiera-agricola-verona\/\" \/>\n<meta property=\"og:site_name\" content=\"Scaligera Transfer, il miglior servizio di ncc Verona\" \/>\n<meta property=\"article:modified_time\" content=\"2025-11-03T14:16:44+00:00\" \/>\n<meta property=\"og:image\" content=\"https:\/\/scaligeratransfer.it\/wp-content\/uploads\/2024\/01\/Transfer-NCC-Verona-Fiera-Agricola.png\" \/>\n\t<meta property=\"og:image:width\" content=\"1200\" \/>\n\t<meta property=\"og:image:height\" content=\"1200\" \/>\n\t<meta property=\"og:image:type\" content=\"image\/png\" \/>\n<meta name=\"twitter:card\" content=\"summary_large_image\" \/>\n<script type=\"application\/ld+json\" class=\"yoast-schema-graph\">{\"@context\":\"https:\/\/schema.org\",\"@graph\":[{\"@type\":\"WebPage\",\"@id\":\"https:\/\/scaligeratransfer.it\/de\/tratte\/transfer-ncc-fiera-agricola-verona\/\",\"url\":\"https:\/\/scaligeratransfer.it\/de\/tratte\/transfer-ncc-fiera-agricola-verona\/\",\"name\":\"Fiera Agricola Verona \u22c6 Scaligera Transfer, der beste NCC Verona Service\",\"isPartOf\":{\"@id\":\"https:\/\/scaligeratransfer.it\/de\/#website\"},\"primaryImageOfPage\":{\"@id\":\"https:\/\/scaligeratransfer.it\/de\/tratte\/transfer-ncc-fiera-agricola-verona\/#primaryimage\"},\"image\":{\"@id\":\"https:\/\/scaligeratransfer.it\/de\/tratte\/transfer-ncc-fiera-agricola-verona\/#primaryimage\"},\"thumbnailUrl\":\"https:\/\/scaligeratransfer.it\/wp-content\/uploads\/2024\/01\/Transfer-NCC-Verona-Fiera-Agricola.png\",\"datePublished\":\"2024-01-12T09:10:02+00:00\",\"dateModified\":\"2025-11-03T14:16:44+00:00\",\"description\":\"NCC Transfer Verona, Fiera Agricola - Verona 24 Stunden Chauffeurservice f\u00fcr Unternehmen, Touristen und Freizeit.\",\"breadcrumb\":{\"@id\":\"https:\/\/scaligeratransfer.it\/de\/tratte\/transfer-ncc-fiera-agricola-verona\/#breadcrumb\"},\"inLanguage\":\"de\",\"potentialAction\":[{\"@type\":\"ReadAction\",\"target\":[\"https:\/\/scaligeratransfer.it\/de\/tratte\/transfer-ncc-fiera-agricola-verona\/\"]}]},{\"@type\":\"ImageObject\",\"inLanguage\":\"de\",\"@id\":\"https:\/\/scaligeratransfer.it\/de\/tratte\/transfer-ncc-fiera-agricola-verona\/#primaryimage\",\"url\":\"https:\/\/scaligeratransfer.it\/wp-content\/uploads\/2024\/01\/Transfer-NCC-Verona-Fiera-Agricola.png\",\"contentUrl\":\"https:\/\/scaligeratransfer.it\/wp-content\/uploads\/2024\/01\/Transfer-NCC-Verona-Fiera-Agricola.png\",\"width\":1200,\"height\":1200,\"caption\":\"Transfer NCC Verona - Fiera Agricola\"},{\"@type\":\"BreadcrumbList\",\"@id\":\"https:\/\/scaligeratransfer.it\/de\/tratte\/transfer-ncc-fiera-agricola-verona\/#breadcrumb\",\"itemListElement\":[{\"@type\":\"ListItem\",\"position\":1,\"name\":\"Home\",\"item\":\"https:\/\/scaligeratransfer.it\/de\/homepage\/\"},{\"@type\":\"ListItem\",\"position\":2,\"name\":\"NCC Verona Transferdienst\",\"item\":\"https:\/\/scaligeratransfer.it\/de\/ncc-verona-tarife-miete-mit-fahrer\/\"},{\"@type\":\"ListItem\",\"position\":3,\"name\":\"Transfer NCC Fiera Agricola Verona\"}]},{\"@type\":\"WebSite\",\"@id\":\"https:\/\/scaligeratransfer.it\/de\/#website\",\"url\":\"https:\/\/scaligeratransfer.it\/de\/\",\"name\":\"Scaligera Transfer, il miglior servizio di ncc Verona\",\"description\":\"Scaligera Transfer si occupa di noleggio con conducente con tratte da\/per Verona\",\"potentialAction\":[{\"@type\":\"SearchAction\",\"target\":{\"@type\":\"EntryPoint\",\"urlTemplate\":\"https:\/\/scaligeratransfer.it\/de\/?s={search_term_string}\"},\"query-input\":{\"@type\":\"PropertyValueSpecification\",\"valueRequired\":true,\"valueName\":\"search_term_string\"}}],\"inLanguage\":\"de\"}]}<\/script>\n<!-- \/ Yoast SEO plugin. -->","yoast_head_json":{"title":"Fiera Agricola Verona \u22c6 Scaligera Transfer, der beste NCC Verona Service","description":"NCC Transfer Verona, Fiera Agricola - Verona 24 Stunden Chauffeurservice f\u00fcr Unternehmen, Touristen und Freizeit.","robots":{"index":"index","follow":"follow","max-snippet":"max-snippet:-1","max-image-preview":"max-image-preview:large","max-video-preview":"max-video-preview:-1"},"canonical":"https:\/\/scaligeratransfer.it\/de\/tratte\/transfer-ncc-fiera-agricola-verona\/","og_locale":"de_DE","og_type":"article","og_title":"Fiera Agricola Verona \u22c6 Scaligera Transfer, der beste NCC Verona Service","og_description":"NCC Transfer Verona, Fiera Agricola - Verona 24 Stunden Chauffeurservice f\u00fcr Unternehmen, Touristen und Freizeit.","og_url":"https:\/\/scaligeratransfer.it\/de\/tratte\/transfer-ncc-fiera-agricola-verona\/","og_site_name":"Scaligera Transfer, il miglior servizio di ncc Verona","article_modified_time":"2025-11-03T14:16:44+00:00","og_image":[{"width":1200,"height":1200,"url":"https:\/\/scaligeratransfer.it\/wp-content\/uploads\/2024\/01\/Transfer-NCC-Verona-Fiera-Agricola.png","type":"image\/png"}],"twitter_card":"summary_large_image","schema":{"@context":"https:\/\/schema.org","@graph":[{"@type":"WebPage","@id":"https:\/\/scaligeratransfer.it\/de\/tratte\/transfer-ncc-fiera-agricola-verona\/","url":"https:\/\/scaligeratransfer.it\/de\/tratte\/transfer-ncc-fiera-agricola-verona\/","name":"Fiera Agricola Verona \u22c6 Scaligera Transfer, der beste NCC Verona Service","isPartOf":{"@id":"https:\/\/scaligeratransfer.it\/de\/#website"},"primaryImageOfPage":{"@id":"https:\/\/scaligeratransfer.it\/de\/tratte\/transfer-ncc-fiera-agricola-verona\/#primaryimage"},"image":{"@id":"https:\/\/scaligeratransfer.it\/de\/tratte\/transfer-ncc-fiera-agricola-verona\/#primaryimage"},"thumbnailUrl":"https:\/\/scaligeratransfer.it\/wp-content\/uploads\/2024\/01\/Transfer-NCC-Verona-Fiera-Agricola.png","datePublished":"2024-01-12T09:10:02+00:00","dateModified":"2025-11-03T14:16:44+00:00","description":"NCC Transfer Verona, Fiera Agricola - Verona 24 Stunden Chauffeurservice f\u00fcr Unternehmen, Touristen und Freizeit.","breadcrumb":{"@id":"https:\/\/scaligeratransfer.it\/de\/tratte\/transfer-ncc-fiera-agricola-verona\/#breadcrumb"},"inLanguage":"de","potentialAction":[{"@type":"ReadAction","target":["https:\/\/scaligeratransfer.it\/de\/tratte\/transfer-ncc-fiera-agricola-verona\/"]}]},{"@type":"ImageObject","inLanguage":"de","@id":"https:\/\/scaligeratransfer.it\/de\/tratte\/transfer-ncc-fiera-agricola-verona\/#primaryimage","url":"https:\/\/scaligeratransfer.it\/wp-content\/uploads\/2024\/01\/Transfer-NCC-Verona-Fiera-Agricola.png","contentUrl":"https:\/\/scaligeratransfer.it\/wp-content\/uploads\/2024\/01\/Transfer-NCC-Verona-Fiera-Agricola.png","width":1200,"height":1200,"caption":"Transfer NCC Verona - Fiera Agricola"},{"@type":"BreadcrumbList","@id":"https:\/\/scaligeratransfer.it\/de\/tratte\/transfer-ncc-fiera-agricola-verona\/#breadcrumb","itemListElement":[{"@type":"ListItem","position":1,"name":"Home","item":"https:\/\/scaligeratransfer.it\/de\/homepage\/"},{"@type":"ListItem","position":2,"name":"NCC Verona Transferdienst","item":"https:\/\/scaligeratransfer.it\/de\/ncc-verona-tarife-miete-mit-fahrer\/"},{"@type":"ListItem","position":3,"name":"Transfer NCC Fiera Agricola Verona"}]},{"@type":"WebSite","@id":"https:\/\/scaligeratransfer.it\/de\/#website","url":"https:\/\/scaligeratransfer.it\/de\/","name":"Scaligera Transfer, il miglior servizio di ncc Verona","description":"Scaligera Transfer si occupa di noleggio con conducente con tratte da\/per Verona","potentialAction":[{"@type":"SearchAction","target":{"@type":"EntryPoint","urlTemplate":"https:\/\/scaligeratransfer.it\/de\/?s={search_term_string}"},"query-input":{"@type":"PropertyValueSpecification","valueRequired":true,"valueName":"search_term_string"}}],"inLanguage":"de"}]}},"_links":{"self":[{"href":"https:\/\/scaligeratransfer.it\/de\/wp-json\/wp\/v2\/product\/6894","targetHints":{"allow":["GET"]}}],"collection":[{"href":"https:\/\/scaligeratransfer.it\/de\/wp-json\/wp\/v2\/product"}],"about":[{"href":"https:\/\/scaligeratransfer.it\/de\/wp-json\/wp\/v2\/types\/product"}],"replies":[{"embeddable":true,"href":"https:\/\/scaligeratransfer.it\/de\/wp-json\/wp\/v2\/comments?post=6894"}],"wp:featuredmedia":[{"embeddable":true,"href":"https:\/\/scaligeratransfer.it\/de\/wp-json\/wp\/v2\/media\/5428"}],"wp:attachment":[{"href":"https:\/\/scaligeratransfer.it\/de\/wp-json\/wp\/v2\/media?parent=6894"}],"wp:term":[{"taxonomy":"product_brand","embeddable":true,"href":"https:\/\/scaligeratransfer.it\/de\/wp-json\/wp\/v2\/product_brand?post=6894"},{"taxonomy":"product_cat","embeddable":true,"href":"https:\/\/scaligeratransfer.it\/de\/wp-json\/wp\/v2\/product_cat?post=6894"},{"taxonomy":"product_tag","embeddable":true,"href":"https:\/\/scaligeratransfer.it\/de\/wp-json\/wp\/v2\/product_tag?post=6894"}],"curies":[{"name":"wp","href":"https:\/\/api.w.org\/{rel}","templated":true}]}}